{"id":2220,"date":"2025-08-01T16:02:15","date_gmt":"2025-08-01T21:02:15","guid":{"rendered":"https:\/\/uce-proyectosep.com\/?page_id=2220"},"modified":"2026-04-06T17:22:05","modified_gmt":"2026-04-06T22:22:05","slug":"rendicion-de-cuentas","status":"publish","type":"page","link":"https:\/\/uce-proyectosep.com\/index.php\/rendicion-de-cuentas\/","title":{"rendered":"Rendici\u00f3n de Cuentas"},"content":{"rendered":"<section class=\"l-section wpb_row height_medium\"><div class=\"l-section-h g-html i-cf\"><div class=\"g-cols offset_medium\"><div class=\" full-width\"><div class=\"w-tabs layout_default icon_chevron iconpos_right \"><div class=\"w-tabs-list hidden items_2\"><div class=\"w-tabs-list-h\"><div class=\"w-tabs-item active\"><div class=\"w-tabs-item-h\"><span class=\"w-tabs-item-title\">2024<\/span><\/div><\/div>\n<div class=\"w-tabs-item\"><div class=\"w-tabs-item-h\"><span class=\"w-tabs-item-title\">2025<\/span><\/div><\/div>\n<\/div><\/div><div class=\"w-tabs-sections\"><div class=\"w-tabs-sections-h\"><div class=\"w-tabs-section active\"><div class=\"w-tabs-section-header\"><div class=\"w-tabs-section-header-h\"><h5 class=\"w-tabs-section-title\">2024<\/h5><div class=\"w-tabs-section-control\"><\/div><\/div><\/div><div class=\"w-tabs-section-content\"><div class=\"w-tabs-section-content-h i-cf\"><div class=\"wpb_text_column \"><div class=\"wpb_wrapper\">\n<h3><strong>FASE 0<\/strong><\/h3>\n<table class=\"responsive-table\">\n<thead>\n<tr>\n<th>Documento<\/th>\n<th>Descargar PDF<\/th>\n<\/tr>\n<\/thead>\n<tbody>\n<tr>\n<td data-label=\"T\u00edtulo\">Conformacion Equipo Rendicion de Cuentas a\u00f1o 2024 de la Empresa Publica de Bienes y Servicios UCE PROYECTOS E.P<\/td>\n<td data-label=\"Descargar PDF\"><a href=\"http:\/\/uce-proyectosep.com\/wp-content\/uploads\/2025\/08\/Conformacion-Equipo-Rendicion-de-Cuentas-ano-2024-de-la-Empresa-Publica-de-Bienes-y-Servicios-UCE-PROYECTOS-E.P.pdf\" download=\"\"><br \/>\n<img decoding=\"async\" src=\"https:\/\/cdn-icons-png.flaticon.com\/512\/337\/337946.png\" alt=\"Descargar PDF\" \/><br \/>\n<\/a><\/td>\n<\/tr>\n<\/tbody>\n<\/table>\n<\/div> <\/div> <div class=\"wpb_text_column \"><div class=\"wpb_wrapper\">\n<h3><strong>FASE 1<\/strong><\/h3>\n<table class=\"responsive-table\">\n<thead>\n<tr>\n<th>Documento<\/th>\n<th>Descargar PDF<\/th>\n<\/tr>\n<\/thead>\n<tbody>\n<tr>\n<td data-label=\"T\u00edtulo\">UCE-EPBS-2025-0422-M<\/td>\n<td data-label=\"Descargar PDF\"><a href=\"http:\/\/uce-proyectosep.com\/wp-content\/uploads\/2025\/08\/UCE-EPBS-2025-0422-M-1-1.pdf\" download=\"\"><br \/>\n<img decoding=\"async\" src=\"https:\/\/cdn-icons-png.flaticon.com\/512\/337\/337946.png\" alt=\"Descargar PDF\" \/><br \/>\n<\/a><\/td>\n<\/tr>\n<tr>\n<td data-label=\"T\u00edtulo\">UCE-EPBS-2025-0734-M<\/td>\n<td data-label=\"Descargar PDF\"><a href=\"http:\/\/uce-proyectosep.com\/wp-content\/uploads\/2025\/08\/UCE-EPBS-2025-0734-M.pdf\" download=\"\"><br \/>\n<img decoding=\"async\" src=\"https:\/\/cdn-icons-png.flaticon.com\/512\/337\/337946.png\" alt=\"Descargar PDF\" \/><br \/>\n<\/a><\/td>\n<\/tr>\n<\/tbody>\n<\/table>\n<\/div> <\/div> <div class=\"wpb_text_column \"><div class=\"wpb_wrapper\">\n<h3><strong>FASE 2<\/strong><\/h3>\n<div style=\"text-align: center;\"><iframe loading=\"lazy\" title=\"YouTube video player\" src=\"https:\/\/www.youtube.com\/embed\/-IbfMA_jz1s?si=XkTE_oQVlulBgNAN\" width=\"560\" height=\"315\" frameborder=\"0\" allowfullscreen=\"allowfullscreen\"><\/iframe><\/div>\n<table class=\"responsive-table\">\n<thead>\n<tr>\n<th>Documento<\/th>\n<th>Descargar PDF<\/th>\n<\/tr>\n<\/thead>\n<tbody>\n<tr>\n<td data-label=\"T\u00edtulo\">Agenda de deliberaci\u00f3n p\u00fablica<\/td>\n<td data-label=\"Descargar PDF\"><a href=\"http:\/\/uce-proyectosep.com\/wp-content\/uploads\/2025\/08\/Socializacion-deliberacion-publica.pdf\" download=\"\"><br \/>\n<img decoding=\"async\" src=\"https:\/\/cdn-icons-png.flaticon.com\/512\/337\/337946.png\" alt=\"Descargar PDF\" \/><br \/>\n<\/a><\/td>\n<\/tr>\n<tr>\n<td data-label=\"T\u00edtulo\">Certificado cumplimiento obligaciones laborales<\/td>\n<td data-label=\"Descargar PDF\"><a href=\"http:\/\/uce-proyectosep.com\/wp-content\/uploads\/2025\/08\/CERTIFICADO-CUMPLIMIENTO-OBLIGACIONES-LABORALES.pdf\" download=\"\"><br \/>\n<img decoding=\"async\" src=\"https:\/\/cdn-icons-png.flaticon.com\/512\/337\/337946.png\" alt=\"Descargar PDF\" \/><br \/>\n<\/a><\/td>\n<\/tr>\n<tr>\n<td data-label=\"T\u00edtulo\"><\/td>\n<td data-label=\"Descargar PDF\"><\/td>\n<\/tr>\n<tr>\n<td data-label=\"T\u00edtulo\">Certificado cumplimiento tributario<\/td>\n<td data-label=\"Descargar PDF\"><a href=\"http:\/\/uce-proyectosep.com\/wp-content\/uploads\/2025\/08\/CERTIFICADO-CUMPLIMIENTO-TRIBUTARIO.pdf\" download=\"\"><br \/>\n<img decoding=\"async\" src=\"https:\/\/cdn-icons-png.flaticon.com\/512\/337\/337946.png\" alt=\"Descargar PDF\" \/><br \/>\n<\/a><\/td>\n<\/tr>\n<tr>\n<td data-label=\"T\u00edtulo\">Socializaci\u00f3n deliberaci\u00f3n p\u00fablica<\/td>\n<td data-label=\"Descargar PDF\"><a href=\"http:\/\/uce-proyectosep.com\/wp-content\/uploads\/2025\/08\/Socializacion-deliberacion-publica-1.pdf\" download=\"\"><br \/>\n<img decoding=\"async\" src=\"https:\/\/cdn-icons-png.flaticon.com\/512\/337\/337946.png\" alt=\"Descargar PDF\" \/><br \/>\n<\/a><\/td>\n<\/tr>\n<\/tbody>\n<\/table>\n<\/div> <\/div> <div class=\"wpb_text_column \"><div class=\"wpb_wrapper\">\n<h3><strong>FASE 3<\/strong><\/h3>\n<table class=\"responsive-table\">\n<thead>\n<tr>\n<th>Documento<\/th>\n<th>Descargar PDF<\/th>\n<\/tr>\n<\/thead>\n<tbody>\n<tr>\n<td data-label=\"T\u00edtulo\">Informe final rendici\u00f3n de cuentas 2024<\/td>\n<td data-label=\"Descargar PDF\"><a href=\"http:\/\/uce-proyectosep.com\/wp-content\/uploads\/2025\/08\/Informe-final-rendicion-de-cuentas-2024_28-07-2025.pdf\" download=\"\"><br \/>\n<img decoding=\"async\" src=\"https:\/\/cdn-icons-png.flaticon.com\/512\/337\/337946.png\" alt=\"Descargar PDF\" \/><br \/>\n<\/a><\/td>\n<\/tr>\n<\/tbody>\n<\/table>\n<\/div> <\/div> <\/div><\/div><\/div><div class=\"w-tabs-section\"><div class=\"w-tabs-section-header\"><div class=\"w-tabs-section-header-h\"><h5 class=\"w-tabs-section-title\">2025<\/h5><div class=\"w-tabs-section-control\"><\/div><\/div><\/div><div class=\"w-tabs-section-content\"><div class=\"w-tabs-section-content-h i-cf\"><div class=\"wpb_text_column \"><div class=\"wpb_wrapper\">\n<h3><strong>FASE 1<\/strong><\/h3>\n<table class=\"responsive-table\">\n<thead>\n<tr>\n<th>Documento<\/th>\n<th>Descargar PDF<\/th>\n<\/tr>\n<\/thead>\n<tbody>\n<tr>\n<td data-label=\"T\u00edtulo\">UCE-EPBS-2025-0422-M<\/td>\n<td data-label=\"Descargar PDF\"><a href=\"http:\/\/uce-proyectosep.com\/wp-content\/uploads\/2025\/08\/UCE-EPBS-2025-0422-M-1-1.pdf\" download=\"\"><br \/>\n<img decoding=\"async\" src=\"https:\/\/cdn-icons-png.flaticon.com\/512\/337\/337946.png\" alt=\"Descargar PDF\" \/><br \/>\n<\/a><\/td>\n<\/tr>\n<tr>\n<td data-label=\"T\u00edtulo\">UCE-EPBS-2025-0734-M<\/td>\n<td data-label=\"Descargar PDF\"><a href=\"http:\/\/uce-proyectosep.com\/wp-content\/uploads\/2025\/08\/UCE-EPBS-2025-0734-M.pdf\" download=\"\"><br \/>\n<img decoding=\"async\" src=\"https:\/\/cdn-icons-png.flaticon.com\/512\/337\/337946.png\" alt=\"Descargar PDF\" \/><br \/>\n<\/a><\/td>\n<\/tr>\n<\/tbody>\n<\/table>\n<\/div> <\/div> <div class=\"wpb_text_column \"><div class=\"wpb_wrapper\">\n<h3><strong>FASE 2<\/strong><\/h3>\n<div style=\"text-align: center;\"><\/div>\n<table class=\"responsive-table\">\n<thead>\n<tr>\n<th>Documento<\/th>\n<th>Descargar PDF<\/th>\n<\/tr>\n<\/thead>\n<tbody>\n<tr>\n<td data-label=\"T\u00edtulo\">Agenda de deliberaci\u00f3n p\u00fablica<\/td>\n<td data-label=\"Descargar PDF\"><a href=\"http:\/\/uce-proyectosep.com\/wp-content\/uploads\/2025\/08\/Socializacion-deliberacion-publica.pdf\" download=\"\"><br \/>\n<img decoding=\"async\" src=\"https:\/\/cdn-icons-png.flaticon.com\/512\/337\/337946.png\" alt=\"Descargar PDF\" \/><br \/>\n<\/a><\/td>\n<\/tr>\n<tr>\n<td data-label=\"T\u00edtulo\">Certificado cumplimiento obligaciones laborales<\/td>\n<td data-label=\"Descargar PDF\"><a href=\"http:\/\/uce-proyectosep.com\/wp-content\/uploads\/2025\/08\/CERTIFICADO-CUMPLIMIENTO-OBLIGACIONES-LABORALES.pdf\" download=\"\"><br \/>\n<img decoding=\"async\" src=\"https:\/\/cdn-icons-png.flaticon.com\/512\/337\/337946.png\" alt=\"Descargar PDF\" \/><br \/>\n<\/a><\/td>\n<\/tr>\n<tr>\n<td data-label=\"T\u00edtulo\"><\/td>\n<td data-label=\"Descargar PDF\"><\/td>\n<\/tr>\n<tr>\n<td data-label=\"T\u00edtulo\">Certificado cumplimiento tributario<\/td>\n<td data-label=\"Descargar PDF\"><a href=\"http:\/\/uce-proyectosep.com\/wp-content\/uploads\/2025\/08\/CERTIFICADO-CUMPLIMIENTO-TRIBUTARIO.pdf\" download=\"\"><br \/>\n<img decoding=\"async\" src=\"https:\/\/cdn-icons-png.flaticon.com\/512\/337\/337946.png\" alt=\"Descargar PDF\" \/><br \/>\n<\/a><\/td>\n<\/tr>\n<tr>\n<td data-label=\"T\u00edtulo\">Socializaci\u00f3n deliberaci\u00f3n p\u00fablica<\/td>\n<td data-label=\"Descargar PDF\"><a href=\"http:\/\/uce-proyectosep.com\/wp-content\/uploads\/2025\/08\/Socializacion-deliberacion-publica-1.pdf\" download=\"\"><br \/>\n<img decoding=\"async\" src=\"https:\/\/cdn-icons-png.flaticon.com\/512\/337\/337946.png\" alt=\"Descargar PDF\" \/><br \/>\n<\/a><\/td>\n<\/tr>\n<\/tbody>\n<\/table>\n<\/div> <\/div> <div class=\"wpb_text_column \"><div class=\"wpb_wrapper\">\n<h3><strong>FASE 3<\/strong><\/h3>\n<table class=\"responsive-table\">\n<thead>\n<tr>\n<th>Documento<\/th>\n<th>Descargar PDF<\/th>\n<\/tr>\n<\/thead>\n<tbody>\n<tr>\n<td data-label=\"T\u00edtulo\">Informe preliminar rendici\u00f3n de cuentas 2025<\/td>\n<td data-label=\"Descargar PDF\">\n<p>&nbsp;<\/p>\n<p><a href=\"http:\/\/uce-proyectosep.com\/wp-content\/uploads\/2026\/04\/Informe-preliminar-rendicion-de-cuentas-2025.pdf\"><img loading=\"lazy\" decoding=\"async\" class=\"alignnone\" src=\"https:\/\/cdn-icons-png.flaticon.com\/512\/337\/337946.png\" alt=\"Descargar PDF\" width=\"512\" height=\"512\" \/><\/a><\/td>\n<\/tr>\n<\/tbody>\n<tbody>\n<tr>\n<td data-label=\"T\u00edtulo\">Formulario preliminar 2025<\/td>\n<td data-label=\"Descargar PDF\">\n<p><a href=\"http:\/\/uce-proyectosep.com\/wp-content\/uploads\/2025\/08\/CERTIFICADO-CUMPLIMIENTO-OBLIGACIONES-LABORALES.pdf\" download=\"\"><\/p>\n<p><\/a><a href=\"http:\/\/uce-proyectosep.com\/wp-content\/uploads\/2026\/04\/formulario.pdf\"><img loading=\"lazy\" decoding=\"async\" class=\"alignnone\" src=\"https:\/\/cdn-icons-png.flaticon.com\/512\/337\/337946.png\" alt=\"Descargar PDF\" width=\"512\" height=\"512\" \/><\/a><\/td>\n<\/tr>\n<\/tbody>\n<\/table>\n<\/div> <\/div> <\/div><\/div><\/div><\/div><\/div><\/div><\/div><\/div><\/div><\/section>\n","protected":false},"excerpt":{"rendered":"2024 2025 2024 FASE 0 Documento Descargar PDF Conformacion Equipo Rendicion de Cuentas a\u00f1o 2024 de la Empresa Publica de Bienes y Servicios UCE PROYECTOS E.P FASE 1 Documento Descargar PDF UCE-EPBS-2025-0422-M UCE-EPBS-2025-0734-M FASE 2 Documento Descargar PDF Agenda de deliberaci\u00f3n p\u00fablica Certificado cumplimiento obligaciones laborales Certificado cumplimiento tributario Socializaci\u00f3n deliberaci\u00f3n p\u00fablica FASE 3 Documento...","protected":false},"author":1,"featured_media":0,"parent":0,"menu_order":0,"comment_status":"closed","ping_status":"closed","template":"","meta":{"footnotes":""},"class_list":["post-2220","page","type-page","status-publish","hentry"],"jetpack_sharing_enabled":true,"_links":{"self":[{"href":"https:\/\/uce-proyectosep.com\/index.php\/wp-json\/wp\/v2\/pages\/2220","targetHints":{"allow":["GET"]}}],"collection":[{"href":"https:\/\/uce-proyectosep.com\/index.php\/wp-json\/wp\/v2\/pages"}],"about":[{"href":"https:\/\/uce-proyectosep.com\/index.php\/wp-json\/wp\/v2\/types\/page"}],"author":[{"embeddable":true,"href":"https:\/\/uce-proyectosep.com\/index.php\/wp-json\/wp\/v2\/users\/1"}],"replies":[{"embeddable":true,"href":"https:\/\/uce-proyectosep.com\/index.php\/wp-json\/wp\/v2\/comments?post=2220"}],"version-history":[{"count":10,"href":"https:\/\/uce-proyectosep.com\/index.php\/wp-json\/wp\/v2\/pages\/2220\/revisions"}],"predecessor-version":[{"id":2466,"href":"https:\/\/uce-proyectosep.com\/index.php\/wp-json\/wp\/v2\/pages\/2220\/revisions\/2466"}],"wp:attachment":[{"href":"https:\/\/uce-proyectosep.com\/index.php\/wp-json\/wp\/v2\/media?parent=2220"}],"curies":[{"name":"wp","href":"https:\/\/api.w.org\/{rel}","templated":true}]}}