{"id":2089,"date":"2024-03-05T19:53:17","date_gmt":"2024-03-06T00:53:17","guid":{"rendered":"https:\/\/uce-proyectosep.com\/?page_id=2089"},"modified":"2025-09-22T15:59:49","modified_gmt":"2025-09-22T20:59:49","slug":"organismos-de-inspeccion","status":"publish","type":"page","link":"https:\/\/uce-proyectosep.com\/index.php\/organismos-de-inspeccion\/","title":{"rendered":"ORGANISMO DE INSPECCI\u00d3N"},"content":{"rendered":"<section class=\"l-section wpb_row height_medium\"><div class=\"l-section-h g-html i-cf\"><div class=\"g-cols offset_medium\"><div class=\" one-half\">[vc_empty_space height=\u00bb100px\u00bb]<div class=\"wpb_text_column \"><div class=\"wpb_wrapper\">\n<p style=\"text-align: justify;\">La Empresa P\u00fablica de Bienes y Servicios UCE-PROYECTOS E.P. es un organismo de inspecci\u00f3n independiente tipo A, acreditado por el Servicio de Acreditaci\u00f3n Ecuatoriano \u2013 SAE, con <b>ACREDITACI\u00d3N N\u00daMERO: SAE OI 14-001<\/b> \u00a0y calificado por el ente de Regulaci\u00f3n y Control Hidrocarbur\u00edfero, para la etapa de inspecci\u00f3n en servicio de \u201cInspecci\u00f3n de medidores de desplazamiento positivo y turbinas por el m\u00e9todo pipe prover\u201d para el sector de hidrocarburos, seg\u00fan norma NTE INEN ISO\/IEC 17020:2013 equivalente a la Norma T\u00e9cnica Internacional ISO\/IEC 17020:2012.<\/p>\n<\/div> <\/div> <\/div><div class=\" one-half\"><div class=\"w-image  animate_fade d1 vc_custom_1758573477279 imagen_principal\"><img loading=\"lazy\" decoding=\"async\" width=\"1004\" height=\"591\" src=\"https:\/\/uce-proyectosep.com\/wp-content\/uploads\/2025\/09\/Cute-2.png\" class=\"attachment-large size-large\" alt=\"\" srcset=\"https:\/\/uce-proyectosep.com\/wp-content\/uploads\/2025\/09\/Cute-2.png 1004w, https:\/\/uce-proyectosep.com\/wp-content\/uploads\/2025\/09\/Cute-2-300x177.png 300w, https:\/\/uce-proyectosep.com\/wp-content\/uploads\/2025\/09\/Cute-2-768x452.png 768w, https:\/\/uce-proyectosep.com\/wp-content\/uploads\/2025\/09\/Cute-2-600x353.png 600w\" sizes=\"auto, (max-width: 1004px) 100vw, 1004px\" \/><\/div><\/div><\/div><\/div><\/section><section class=\"l-section wpb_row height_medium\" style=\"margin-top: -50px !important;\"><div class=\"l-section-h g-html i-cf\"><div class=\"g-cols offset_medium\"><div class=\" one-quarter  vc_custom_1758562812021\"><div class=\"w-iconbox iconpos_top size_medium style_default color_primary icontype_img icono\"><a class=\"w-iconbox-link\" href=\"https:\/\/uce-proyectosep.com\/wp-content\/uploads\/2024\/12\/1-CERTIFICADO-DE-ACREDITACION.pdf\" target=\"_blank\"><div class=\"w-iconbox-icon\"><img loading=\"lazy\" decoding=\"async\" src=\"https:\/\/uce-proyectosep.com\/wp-content\/uploads\/2025\/09\/unnamed.jpg\" width=\"512\" height=\"512\" alt=\"CERTIFICADO DE ACREDITACI\u00d3N\"><\/div><h4 class=\"w-iconbox-title\">CERTIFICADO DE ACREDITACI\u00d3N<\/h4><\/a><\/div><\/div><div class=\" one-quarter\"><div class=\"w-iconbox iconpos_top size_medium style_default color_primary icontype_img icono\"><a class=\"w-iconbox-link\" href=\"https:\/\/uce-proyectosep.com\/wp-content\/uploads\/2024\/03\/2-SAE-RESOLUCION-2023-1.pdf\" target=\"_blank\"><div class=\"w-iconbox-icon\"><img loading=\"lazy\" decoding=\"async\" src=\"https:\/\/uce-proyectosep.com\/wp-content\/uploads\/2025\/09\/unnamed.jpg\" width=\"512\" height=\"512\" alt=\"SAE RESOLUCI\u00d3N 2023\"><\/div><h4 class=\"w-iconbox-title\">SAE RESOLUCI\u00d3N 2023<\/h4><\/a><\/div><\/div><div class=\" one-quarter\"><div class=\"w-iconbox iconpos_top size_medium style_default color_primary icontype_img icono\"><a class=\"w-iconbox-link\" href=\"https:\/\/uce-proyectosep.com\/wp-content\/uploads\/2024\/11\/3-RESOLUCION-ARCH.pdf\" target=\"_blank\"><div class=\"w-iconbox-icon\"><img loading=\"lazy\" decoding=\"async\" src=\"https:\/\/uce-proyectosep.com\/wp-content\/uploads\/2025\/09\/unnamed.jpg\" width=\"512\" height=\"512\" alt=\"RESOLUCION ARCERNNR\"><\/div><h4 class=\"w-iconbox-title\">RESOLUCION ARCERNNR<\/h4><\/a><\/div><\/div><div class=\" one-quarter\"><div class=\"w-iconbox iconpos_top size_medium style_default color_primary icontype_img icono\"><a class=\"w-iconbox-link\" href=\"https:\/\/uce-proyectosep.com\/wp-content\/uploads\/2024\/11\/4-FACSIMIL-PG-DC-01-POLITICA-DE-LA-CALIDAD.pdf\" target=\"_blank\"><div class=\"w-iconbox-icon\"><img loading=\"lazy\" decoding=\"async\" src=\"https:\/\/uce-proyectosep.com\/wp-content\/uploads\/2025\/09\/unnamed.jpg\" width=\"512\" height=\"512\" alt=\"POLITICA DE CALIDAD\"><\/div><h4 class=\"w-iconbox-title\">POLITICA DE CALIDAD<\/h4><\/a><\/div><\/div><\/div><\/div><\/section><section class=\"l-section wpb_row height_medium\" style=\"margin-top: -50px !important;\"><div class=\"l-section-h g-html i-cf\"><div class=\"g-cols offset_medium\"><div class=\" one-quarter\"><div class=\"w-iconbox iconpos_top size_medium style_default color_primary icontype_img icono\"><a class=\"w-iconbox-link\" href=\"https:\/\/uce-proyectosep.com\/wp-content\/uploads\/2024\/11\/5-DECLARACION-GERENCIA-GENERAL.pdf\" target=\"_blank\"><div class=\"w-iconbox-icon\"><img loading=\"lazy\" decoding=\"async\" src=\"https:\/\/uce-proyectosep.com\/wp-content\/uploads\/2025\/09\/unnamed.jpg\" width=\"512\" height=\"512\" alt=\"DECLARACI\u00d3N GERENCIA GENERAL\"><\/div><h4 class=\"w-iconbox-title\">DECLARACI\u00d3N GERENCIA GENERAL<\/h4><\/a><\/div><\/div><div class=\" one-quarter\"><div class=\"w-iconbox iconpos_top size_medium style_default color_primary icontype_img icono\"><a class=\"w-iconbox-link\" href=\"https:\/\/uce-proyectosep.com\/wp-content\/uploads\/2024\/12\/6-FACSIMIL-PG-DC-06-QUEJAS-Y-APELACIONES-FORMATO-R-12.pdf\" target=\"_blank\"><div class=\"w-iconbox-icon\"><img loading=\"lazy\" decoding=\"async\" src=\"https:\/\/uce-proyectosep.com\/wp-content\/uploads\/2025\/09\/unnamed.jpg\" width=\"512\" height=\"512\" alt=\"FACS\u00cdMIL PG-DC-06 QUEJAS Y APELACIONES + FORMATO R-12\"><\/div><h4 class=\"w-iconbox-title\">FACS\u00cdMIL PG-DC-06 QUEJAS Y APELACIONES + FORMATO R-12<\/h4><\/a><\/div><\/div><div class=\" one-quarter\"><div class=\"w-iconbox iconpos_top size_medium style_default color_primary icontype_img icono\"><a class=\"w-iconbox-link\" href=\"http:\/\/FACS\u00cdMIL%20PG-DC-09%20CODIGO%20DE%20ETICA\" target=\"_blank\"><div class=\"w-iconbox-icon\"><img loading=\"lazy\" decoding=\"async\" src=\"https:\/\/uce-proyectosep.com\/wp-content\/uploads\/2025\/09\/unnamed.jpg\" width=\"512\" height=\"512\" alt=\"FACS\u00cdMIL PG-DC-09 CODIGO DE ETICA\"><\/div><h4 class=\"w-iconbox-title\">FACS\u00cdMIL PG-DC-09 CODIGO DE ETICA<\/h4><\/a><\/div><\/div><div class=\" one-quarter\"><\/div><\/div><\/div><\/section>\n","protected":false},"excerpt":{"rendered":"[vc_empty_space height=\"100px\"] La Empresa P\u00fablica de Bienes y Servicios UCE-PROYECTOS E.P. es un organismo de inspecci\u00f3n independiente tipo A, acreditado por el Servicio de Acreditaci\u00f3n Ecuatoriano \u2013 SAE, con ACREDITACI\u00d3N N\u00daMERO: SAE OI 14-001 \u00a0y calificado por el ente de Regulaci\u00f3n y Control Hidrocarbur\u00edfero, para la etapa de inspecci\u00f3n en servicio de \u201cInspecci\u00f3n de medidores...","protected":false},"author":4,"featured_media":0,"parent":0,"menu_order":0,"comment_status":"closed","ping_status":"closed","template":"","meta":{"footnotes":""},"class_list":["post-2089","page","type-page","status-publish","hentry"],"jetpack_sharing_enabled":true,"_links":{"self":[{"href":"https:\/\/uce-proyectosep.com\/index.php\/wp-json\/wp\/v2\/pages\/2089","targetHints":{"allow":["GET"]}}],"collection":[{"href":"https:\/\/uce-proyectosep.com\/index.php\/wp-json\/wp\/v2\/pages"}],"about":[{"href":"https:\/\/uce-proyectosep.com\/index.php\/wp-json\/wp\/v2\/types\/page"}],"author":[{"embeddable":true,"href":"https:\/\/uce-proyectosep.com\/index.php\/wp-json\/wp\/v2\/users\/4"}],"replies":[{"embeddable":true,"href":"https:\/\/uce-proyectosep.com\/index.php\/wp-json\/wp\/v2\/comments?post=2089"}],"version-history":[{"count":42,"href":"https:\/\/uce-proyectosep.com\/index.php\/wp-json\/wp\/v2\/pages\/2089\/revisions"}],"predecessor-version":[{"id":2370,"href":"https:\/\/uce-proyectosep.com\/index.php\/wp-json\/wp\/v2\/pages\/2089\/revisions\/2370"}],"wp:attachment":[{"href":"https:\/\/uce-proyectosep.com\/index.php\/wp-json\/wp\/v2\/media?parent=2089"}],"curies":[{"name":"wp","href":"https:\/\/api.w.org\/{rel}","templated":true}]}}