{"id":20,"date":"2013-05-31T11:56:39","date_gmt":"2013-05-31T11:56:39","guid":{"rendered":"http:\/\/zephyr.us-themes.com\/pages\/contact\/"},"modified":"2022-02-18T15:32:17","modified_gmt":"2022-02-18T20:32:17","slug":"contact","status":"publish","type":"page","link":"https:\/\/uce-proyectosep.com\/index.php\/contact\/","title":{"rendered":"CONT\u00c1CTANOS"},"content":{"rendered":"<section class=\"l-section wpb_row height_medium\"><div class=\"l-section-h g-html i-cf\"><div class=\"g-cols offset_medium\"><div class=\" two-thirds\"><div class=\"w-form for_cform align_left\" id=\"us_form_1\">\r\n\t<form class=\"w-form-h\" autocomplete=\"off\" action=\"https:\/\/uce-proyectosep.com\/index.php\/wp-json\/wp\/v2\/pages\/20\" method=\"post\">\r\n\t\t\t\t\t\t\t<div class=\"w-form-row for_name\">\r\n\t<div class=\"w-form-row-label\">\r\n\t\t<label for=\"us_form_1_name\">Nombre<\/label>\r\n\t<\/div>\r\n\t<div class=\"w-form-row-field\">\r\n\t\t\t\t<input type=\"text\" name=\"name\" id=\"us_form_1_name\" value=\"\"\r\n\t\t       placeholder=\"\"\/>\r\n\t\t<span class=\"w-form-row-field-bar\"><\/span>\r\n\t\t\t<\/div>\r\n\t<div class=\"w-form-row-state\"><\/div>\r\n\t<\/div>\r\n\t\t\t\t\t<div class=\"w-form-row for_email required\">\r\n\t<div class=\"w-form-row-label\">\r\n\t\t<label for=\"us_form_1_email\">Correo electr\u00f3nico <span class=\"required\">*<\/span><\/label>\r\n\t<\/div>\r\n\t<div class=\"w-form-row-field\">\r\n\t\t\t\t<input type=\"email\" name=\"email\" id=\"us_form_1_email\" value=\"\"\r\n\t\t       placeholder=\"\" data-required=\"true\" aria-required=\"true\"\/>\r\n\t\t<span class=\"w-form-row-field-bar\"><\/span>\r\n\t\t\t<\/div>\r\n\t<div class=\"w-form-row-state\"><\/div>\r\n\t<\/div>\r\n\t\t\t\t\t<div class=\"w-form-row for_phone\">\r\n\t<div class=\"w-form-row-label\">\r\n\t\t<label for=\"us_form_1_phone\">N\u00famero de tel\u00e9fono<\/label>\r\n\t<\/div>\r\n\t<div class=\"w-form-row-field\">\r\n\t\t\t\t<input type=\"text\" name=\"phone\" id=\"us_form_1_phone\" value=\"\"\r\n\t\t       placeholder=\"\"\/>\r\n\t\t<span class=\"w-form-row-field-bar\"><\/span>\r\n\t\t\t<\/div>\r\n\t<div class=\"w-form-row-state\"><\/div>\r\n\t<\/div>\r\n\t\t\t\t\t<div class=\"w-form-row for_message required\">\r\n\t<div class=\"w-form-row-label\">\r\n\t\t<label for=\"us_form_1_message\">Mensaje <span class=\"required\">*<\/span><\/label>\r\n\t<\/div>\r\n\t<div class=\"w-form-row-field\">\r\n\t\t\t\t<textarea name=\"message\" id=\"us_form_1_message\" cols=\"30\" rows=\"10\" placeholder=\"\"\r\n\t\t\t data-required=\"true\" aria-required=\"true\"><\/textarea>\r\n\t\t<span class=\"w-form-row-field-bar\"><\/span>\r\n\t\t\t<\/div>\r\n\t<div class=\"w-form-row-state\"><\/div>\r\n\t<\/div>\r\n\t\t\t\t\t<input type=\"hidden\" name=\"action\" value=\"us_ajax_cform\"\/>\r\n\t\t\t\t\t<input type=\"hidden\" name=\"post_id\" value=\"20\"\/>\r\n\t\t\t\t\t<input type=\"hidden\" name=\"form_index\" value=\"1\"\/>\r\n\t\t\t\t\t<div class=\"w-form-row for_submit\">\r\n\t<div class=\"w-form-row-field\">\r\n\t\t<button class=\"w-btn size_large color_white style_raised\" type=\"submit\"><span class=\"g-preloader type_1\"><\/span><span class=\"w-btn-label\">Enviar mensaje<\/span><\/button>\r\n\t<\/div>\r\n<\/div>\r\n\t\t\t\t<div class=\"w-form-message\"><\/div>\r\n\t\t\t<\/form>\r\n\t\t\t<div class=\"w-form-json hidden\" onclick='return {\"ajaxurl\":\"https:\\\/\\\/uce-proyectosep.com\\\/wp-admin\\\/admin-ajax.php\",\"success\":\"\\u00a1Gracias! Tu mensaje ha sido enviado correctamente.\",\"errors\":{\"name\":\"Por favor, introduce tu nombre\",\"email\":\"Por favor, introduce tu direcci\\u00f3n de correo electr\\u00f3nico\",\"phone\":\"Por favor, introduce tu n\\u00famero de tel\\u00e9fono\",\"message\":\"Por favor, introduce un mensaje\"}}'><\/div>\r\n\t<\/div>\r\n<\/div><div class=\" one-third\"><div class=\"wpb_text_column \"><div class=\"wpb_wrapper\">\n<h3>S\u00edguenos en nuestras redes<\/h3>\n<\/div> <\/div> <div class=\"w-separator type_invisible size_small thick_1 style_solid color_border cont_none\"><span class=\"w-separator-h\"><\/span><\/div><div class=\"w-socials size_medium align_left style_colored index_1\"><div class=\"w-socials-list\"><div class=\"w-socials-item facebook\">\r\n\t\t\t\t<a class=\"w-socials-item-link\" target=\"_blank\" href=\"https:\/\/www.facebook.com\/uceproyectosep\">\r\n\t\t\t\t\t<span class=\"w-socials-item-link-hover\"><\/span>\r\n\t\t\t\t<\/a>\r\n\t\t\t\t<div class=\"w-socials-item-popup\">\r\n\t\t\t\t\t<span>Facebook<\/span>\r\n\t\t\t\t<\/div>\r\n\t\t\t<\/div><div class=\"w-socials-item twitter\">\r\n\t\t\t\t<a class=\"w-socials-item-link\" target=\"_blank\" href=\"https:\/\/twitter.com\/uceproyectosep\">\r\n\t\t\t\t\t<span class=\"w-socials-item-link-hover\"><\/span>\r\n\t\t\t\t<\/a>\r\n\t\t\t\t<div class=\"w-socials-item-popup\">\r\n\t\t\t\t\t<span>Twitter<\/span>\r\n\t\t\t\t<\/div>\r\n\t\t\t<\/div><div class=\"w-socials-item linkedin\">\r\n\t\t\t\t<a class=\"w-socials-item-link\" target=\"_blank\" href=\"https:\/\/www.linkedin.com\/company\/uceproyectosep\/\">\r\n\t\t\t\t\t<span class=\"w-socials-item-link-hover\"><\/span>\r\n\t\t\t\t<\/a>\r\n\t\t\t\t<div class=\"w-socials-item-popup\">\r\n\t\t\t\t\t<span>LinkedIn<\/span>\r\n\t\t\t\t<\/div>\r\n\t\t\t<\/div><\/div><\/div><div class=\"w-separator type_invisible size_medium thick_1 style_solid color_border cont_none\"><span class=\"w-separator-h\"><\/span><\/div><div class=\"wpb_text_column \"><div class=\"wpb_wrapper\">\n<h3>Vis\u00edtanos<\/h3>\n<\/div> <\/div> <div class=\"w-separator type_invisible size_small thick_1 style_solid color_border cont_none\"><span class=\"w-separator-h\"><\/span><\/div><div class=\"w-iconbox iconpos_left size_tiny style_default color_light\"><div class=\"w-iconbox-icon\"><i class=\"mdfi_action_home\"><\/i><\/div><h4 class=\"w-iconbox-title\">Calle Jer\u00f3nimo Leiton y Gilberto Gato Sobral<\/h4><div class=\"w-iconbox-text\">Edificio General de Investigaci\u00f3n y Postgrado 2do Piso UCE, 170521, Quito<\/div><\/div><div class=\"w-iconbox iconpos_left size_tiny style_default color_light\"><a class=\"w-iconbox-link\" href=\"#\"><div class=\"w-iconbox-icon\"><i class=\"mdfi_hardware_watch\"><\/i><\/div><h4 class=\"w-iconbox-title\">Lunes a Viernes de 8h00 a 16h30<\/h4><\/a><\/div><div class=\"w-iconbox iconpos_left size_tiny style_default color_light\"><a class=\"w-iconbox-link\" href=\"#\"><div class=\"w-iconbox-icon\"><i class=\"mdfi_content_mail\"><\/i><\/div><h4 class=\"w-iconbox-title\">bienes.serviciosep@uce.edu.ec<\/h4><\/a><\/div><div class=\"w-iconbox iconpos_left size_tiny style_default color_light\"><div class=\"w-iconbox-icon\"><i class=\"mdfi_communication_phone\"><\/i><\/div><h4 class=\"w-iconbox-title\">+593 2 2547 266<\/h4><\/div><div class=\"w-iconbox iconpos_left size_tiny style_default color_light\"><div class=\"w-iconbox-icon\"><i class=\"mdfi_action_settings_cell\"><\/i><\/div><h4 class=\"w-iconbox-title\">+593 9 99943333<\/h4><\/div><\/div><\/div><\/div><\/section><section class=\"l-section wpb_row height_auto width_full\"><div class=\"l-section-h g-html i-cf\"><div class=\"g-cols offset_medium\"><div class=\" full-width\"><div class=\"wpb_text_column \"><div class=\"wpb_wrapper\"><iframe loading=\"lazy\" style=\"border: 0;\" tabindex=\"0\" src=\"https:\/\/www.google.com\/maps\/embed?pb=!1m18!1m12!1m3!1d838.7508946498333!2d-78.50717643289728!3d-0.19953241154254966!2m3!1f0!2f0!3f0!3m2!1i1024!2i768!4f13.1!3m3!1m2!1s0x91d59a47ad806b05%3A0xa714a37a659599cb!2sCentro%20de%20Matem%C3%A1tica%20UCE!5e0!3m2!1ses-419!2sec!4v1593028370041!5m2!1ses-419!2sec\" allowfullscreen=\"allowfullscreen\" aria-hidden=\"false\" width=\"100%\" height=\"450\" frameborder=\"0\"><\/iframe><\/div> <\/div> <\/div><\/div><\/div><\/section>\n","protected":false},"excerpt":{"rendered":"Nombre Correo electr\u00f3nico * N\u00famero de tel\u00e9fono Mensaje * Enviar mensaje S\u00edguenos en nuestras redes Facebook Twitter LinkedIn Vis\u00edtanos Calle Jer\u00f3nimo Leiton y Gilberto Gato SobralEdificio General de Investigaci\u00f3n y Postgrado 2do Piso UCE, 170521, QuitoLunes a Viernes de 8h00 a 16h30bienes.serviciosep@uce.edu.ec+593 2 2547 266+593 9 99943333","protected":false},"author":1,"featured_media":0,"parent":0,"menu_order":0,"comment_status":"closed","ping_status":"closed","template":"","meta":{"footnotes":""},"class_list":["post-20","page","type-page","status-publish","hentry"],"jetpack_sharing_enabled":true,"_links":{"self":[{"href":"https:\/\/uce-proyectosep.com\/index.php\/wp-json\/wp\/v2\/pages\/20","targetHints":{"allow":["GET"]}}],"collection":[{"href":"https:\/\/uce-proyectosep.com\/index.php\/wp-json\/wp\/v2\/pages"}],"about":[{"href":"https:\/\/uce-proyectosep.com\/index.php\/wp-json\/wp\/v2\/types\/page"}],"author":[{"embeddable":true,"href":"https:\/\/uce-proyectosep.com\/index.php\/wp-json\/wp\/v2\/users\/1"}],"replies":[{"embeddable":true,"href":"https:\/\/uce-proyectosep.com\/index.php\/wp-json\/wp\/v2\/comments?post=20"}],"version-history":[{"count":10,"href":"https:\/\/uce-proyectosep.com\/index.php\/wp-json\/wp\/v2\/pages\/20\/revisions"}],"predecessor-version":[{"id":2048,"href":"https:\/\/uce-proyectosep.com\/index.php\/wp-json\/wp\/v2\/pages\/20\/revisions\/2048"}],"wp:attachment":[{"href":"https:\/\/uce-proyectosep.com\/index.php\/wp-json\/wp\/v2\/media?parent=20"}],"curies":[{"name":"wp","href":"https:\/\/api.w.org\/{rel}","templated":true}]}}