{"id":1776,"date":"2020-06-25T14:19:34","date_gmt":"2020-06-25T19:19:34","guid":{"rendered":"http:\/\/uce-proyectosep.com\/?page_id=1776"},"modified":"2020-06-25T14:19:37","modified_gmt":"2020-06-25T19:19:37","slug":"transparencia-2019","status":"publish","type":"page","link":"https:\/\/uce-proyectosep.com\/index.php\/transparencia-2019\/","title":{"rendered":"TRANSPARENCIA 2019"},"content":{"rendered":"<section class=\"l-section wpb_row height_medium\"><div class=\"l-section-h g-html i-cf\"><div class=\"g-cols offset_medium\"><div class=\" one-quarter\"><div class=\"wpb_text_column \"><div class=\"wpb_wrapper\">\n<p style=\"text-align: justify;\">La Ley Org\u00e1nica de Transparencia y Acceso a la Informaci\u00f3n P\u00fablica (LOTAIP) plantea la participaci\u00f3n ciudadana y el derecho de acceso a la informaci\u00f3n relacionada con asuntos p\u00fablicos, para ejercer un efectivo control y exigir la rendici\u00f3n de cuentas a las instituciones gubernamentales o aquellas que perciben recursos estatales.<\/p>\n<p style=\"text-align: justify;\">En cumplimiento de la Ley Org\u00e1nica de Transparencia y Acceso a la Informaci\u00f3n P\u00fablica (LOTAIP), todas las entidades poseedoras de informaci\u00f3n p\u00fablica est\u00e1n obligadas a difundir a traves de su portal institucional, la siguiente informaci\u00f3n m\u00ednima actualizada.<\/p>\n<\/div> <\/div> <\/div><div class=\" three-quarters\"><div class=\"w-tabs navpos_left navwidth_auto title_left layout_ver icon_chevron iconpos_right \"><div class=\"w-tabs-list items_12\"><div class=\"w-tabs-list-h\"><div class=\"w-tabs-item active\"><div class=\"w-tabs-item-h\"><span class=\"w-tabs-item-title\">ENERO<\/span><\/div><\/div>\n<div class=\"w-tabs-item\"><div class=\"w-tabs-item-h\"><span class=\"w-tabs-item-title\">FEBRERO<\/span><\/div><\/div>\n<div class=\"w-tabs-item\"><div class=\"w-tabs-item-h\"><span class=\"w-tabs-item-title\">MARZO<\/span><\/div><\/div>\n<div class=\"w-tabs-item\"><div class=\"w-tabs-item-h\"><span class=\"w-tabs-item-title\">ABRIL<\/span><\/div><\/div>\n<div class=\"w-tabs-item\"><div class=\"w-tabs-item-h\"><span class=\"w-tabs-item-title\">MAYO<\/span><\/div><\/div>\n<div class=\"w-tabs-item\"><div class=\"w-tabs-item-h\"><span class=\"w-tabs-item-title\">JUNIO<\/span><\/div><\/div>\n<div class=\"w-tabs-item\"><div class=\"w-tabs-item-h\"><span class=\"w-tabs-item-title\">JULIO<\/span><\/div><\/div>\n<div class=\"w-tabs-item\"><div class=\"w-tabs-item-h\"><span class=\"w-tabs-item-title\">AGOSTO<\/span><\/div><\/div>\n<div class=\"w-tabs-item\"><div class=\"w-tabs-item-h\"><span class=\"w-tabs-item-title\">SEPTIEMBRE<\/span><\/div><\/div>\n<div class=\"w-tabs-item\"><div class=\"w-tabs-item-h\"><span class=\"w-tabs-item-title\">OCTUBRE<\/span><\/div><\/div>\n<div class=\"w-tabs-item\"><div class=\"w-tabs-item-h\"><span class=\"w-tabs-item-title\">NOVIEMBRE<\/span><\/div><\/div>\n<div class=\"w-tabs-item\"><div class=\"w-tabs-item-h\"><span class=\"w-tabs-item-title\">DICIEMBRE<\/span><\/div><\/div>\n<\/div><\/div><div class=\"w-tabs-sections\"><div class=\"w-tabs-sections-h\"><div class=\"w-tabs-section active\"><div class=\"w-tabs-section-header\"><div class=\"w-tabs-section-header-h\"><h5 class=\"w-tabs-section-title\">ENERO<\/h5><div class=\"w-tabs-section-control\"><\/div><\/div><\/div><div class=\"w-tabs-section-content\"><div class=\"w-tabs-section-content-h i-cf\"><div class=\"g-cols wpb_row offset_medium vc_inner \"><div class=\" full-width\"><div class=\"w-iconbox iconpos_left size_tiny style_default color_primary icontype_img\"><a class=\"w-iconbox-link\" href=\"http:\/\/uce-proyectosep.com\/wp-content\/uploads\/pdf\/CODIGODETRABAJO.pdf\"><div class=\"w-iconbox-icon\"><img loading=\"lazy\" decoding=\"async\" src=\"https:\/\/uce-proyectosep.com\/wp-content\/uploads\/2020\/06\/534-5347863_tbi-pdf-download-image-print-pdf-logo-hd-1.png\" width=\"860\" height=\"721\" alt=\"C\u00d3DIGO DEL TRABAJO\"><\/div><h4 class=\"w-iconbox-title\">C\u00d3DIGO DEL TRABAJO<\/h4><\/a><\/div><div class=\"w-iconbox iconpos_left size_tiny style_default color_primary icontype_img\"><a class=\"w-iconbox-link\" href=\"http:\/\/uce-proyectosep.com\/wp-content\/uploads\/pdf\/CONSTITUCIONEP.pdf\"><div class=\"w-iconbox-icon\"><img loading=\"lazy\" decoding=\"async\" src=\"https:\/\/uce-proyectosep.com\/wp-content\/uploads\/2020\/06\/534-5347863_tbi-pdf-download-image-print-pdf-logo-hd-1.png\" width=\"860\" height=\"721\" alt=\"CONSTITUCI\u00d3N\"><\/div><h4 class=\"w-iconbox-title\">CONSTITUCI\u00d3N<\/h4><\/a><\/div><div class=\"w-iconbox iconpos_left size_tiny style_default color_primary icontype_img\"><a class=\"w-iconbox-link\" href=\"http:\/\/uce-proyectosep.com\/wp-content\/uploads\/pdf\/NOMBRAMIENTODRFRANCISCORIBADENEIRA.pdf\"><div class=\"w-iconbox-icon\"><img loading=\"lazy\" decoding=\"async\" src=\"https:\/\/uce-proyectosep.com\/wp-content\/uploads\/2020\/06\/534-5347863_tbi-pdf-download-image-print-pdf-logo-hd-1.png\" width=\"860\" height=\"721\" alt=\"NOMBRAMIENTO DR FRANCISCO RIVADENEIRA\"><\/div><h4 class=\"w-iconbox-title\">NOMBRAMIENTO DR FRANCISCO RIVADENEIRA<\/h4><\/a><\/div><div class=\"w-iconbox iconpos_left size_tiny style_default color_primary icontype_img\"><a class=\"w-iconbox-link\" href=\"http:\/\/uce-proyectosep.com\/wp-content\/uploads\/pdf\/LEYDEEMPRESASPUBLICASLOEP.pdf\"><div class=\"w-iconbox-icon\"><img loading=\"lazy\" decoding=\"async\" src=\"https:\/\/uce-proyectosep.com\/wp-content\/uploads\/2020\/06\/534-5347863_tbi-pdf-download-image-print-pdf-logo-hd-1.png\" width=\"860\" height=\"721\" alt=\"LOEP\"><\/div><h4 class=\"w-iconbox-title\">LOEP<\/h4><\/a><\/div><div class=\"w-iconbox iconpos_left size_tiny style_default color_primary icontype_img\"><a class=\"w-iconbox-link\" href=\"#\"><div class=\"w-iconbox-icon\"><img loading=\"lazy\" decoding=\"async\" src=\"https:\/\/uce-proyectosep.com\/wp-content\/uploads\/2020\/06\/534-5347863_tbi-pdf-download-image-print-pdf-logo-hd-1.png\" width=\"860\" height=\"721\" alt=\"LEY ORG\u00c1NICA DE TRANSPARENCIA\"><\/div><h4 class=\"w-iconbox-title\">LEY ORG\u00c1NICA DE TRANSPARENCIA<\/h4><\/a><\/div><div class=\"w-iconbox iconpos_left size_tiny style_default color_primary icontype_img\"><a class=\"w-iconbox-link\" href=\"http:\/\/uce-proyectosep.com\/wp-content\/uploads\/pdf\/ESTATUTOUCE-PROYECTOSE.P.pdf\"><div class=\"w-iconbox-icon\"><img loading=\"lazy\" decoding=\"async\" src=\"https:\/\/uce-proyectosep.com\/wp-content\/uploads\/2020\/06\/534-5347863_tbi-pdf-download-image-print-pdf-logo-hd-1.png\" width=\"860\" height=\"721\" alt=\"ESTATUTO UCE\"><\/div><h4 class=\"w-iconbox-title\">ESTATUTO UCE<\/h4><\/a><\/div><div class=\"w-iconbox iconpos_left size_tiny style_default color_primary icontype_img\"><a class=\"w-iconbox-link\" href=\"http:\/\/uce-proyectosep.com\/wp-content\/uploads\/pdf\/LOSNCP.pdf\"><div class=\"w-iconbox-icon\"><img loading=\"lazy\" decoding=\"async\" src=\"https:\/\/uce-proyectosep.com\/wp-content\/uploads\/2020\/06\/534-5347863_tbi-pdf-download-image-print-pdf-logo-hd-1.png\" width=\"860\" height=\"721\" alt=\"LOSNCP\"><\/div><h4 class=\"w-iconbox-title\">LOSNCP<\/h4><\/a><\/div><\/div><\/div><\/div><\/div><\/div><div class=\"w-tabs-section\"><div class=\"w-tabs-section-header\"><div class=\"w-tabs-section-header-h\"><h5 class=\"w-tabs-section-title\">FEBRERO<\/h5><div class=\"w-tabs-section-control\"><\/div><\/div><\/div><div class=\"w-tabs-section-content\"><div class=\"w-tabs-section-content-h i-cf\"><\/div><\/div><\/div><div class=\"w-tabs-section\"><div class=\"w-tabs-section-header\"><div class=\"w-tabs-section-header-h\"><h5 class=\"w-tabs-section-title\">MARZO<\/h5><div class=\"w-tabs-section-control\"><\/div><\/div><\/div><div class=\"w-tabs-section-content\"><div class=\"w-tabs-section-content-h i-cf\"><\/div><\/div><\/div><div class=\"w-tabs-section\"><div class=\"w-tabs-section-header\"><div class=\"w-tabs-section-header-h\"><h5 class=\"w-tabs-section-title\">ABRIL<\/h5><div class=\"w-tabs-section-control\"><\/div><\/div><\/div><div class=\"w-tabs-section-content\"><div class=\"w-tabs-section-content-h i-cf\"><\/div><\/div><\/div><div class=\"w-tabs-section\"><div class=\"w-tabs-section-header\"><div class=\"w-tabs-section-header-h\"><h5 class=\"w-tabs-section-title\">MAYO<\/h5><div class=\"w-tabs-section-control\"><\/div><\/div><\/div><div class=\"w-tabs-section-content\"><div class=\"w-tabs-section-content-h i-cf\"><\/div><\/div><\/div><div class=\"w-tabs-section\"><div class=\"w-tabs-section-header\"><div class=\"w-tabs-section-header-h\"><h5 class=\"w-tabs-section-title\">JUNIO<\/h5><div class=\"w-tabs-section-control\"><\/div><\/div><\/div><div class=\"w-tabs-section-content\"><div class=\"w-tabs-section-content-h i-cf\"><\/div><\/div><\/div><div class=\"w-tabs-section\"><div class=\"w-tabs-section-header\"><div class=\"w-tabs-section-header-h\"><h5 class=\"w-tabs-section-title\">JULIO<\/h5><div class=\"w-tabs-section-control\"><\/div><\/div><\/div><div class=\"w-tabs-section-content\"><div class=\"w-tabs-section-content-h i-cf\"><\/div><\/div><\/div><div class=\"w-tabs-section\"><div class=\"w-tabs-section-header\"><div class=\"w-tabs-section-header-h\"><h5 class=\"w-tabs-section-title\">AGOSTO<\/h5><div class=\"w-tabs-section-control\"><\/div><\/div><\/div><div class=\"w-tabs-section-content\"><div class=\"w-tabs-section-content-h i-cf\"><\/div><\/div><\/div><div class=\"w-tabs-section\"><div class=\"w-tabs-section-header\"><div class=\"w-tabs-section-header-h\"><h5 class=\"w-tabs-section-title\">SEPTIEMBRE<\/h5><div class=\"w-tabs-section-control\"><\/div><\/div><\/div><div class=\"w-tabs-section-content\"><div class=\"w-tabs-section-content-h i-cf\"><\/div><\/div><\/div><div class=\"w-tabs-section\"><div class=\"w-tabs-section-header\"><div class=\"w-tabs-section-header-h\"><h5 class=\"w-tabs-section-title\">OCTUBRE<\/h5><div class=\"w-tabs-section-control\"><\/div><\/div><\/div><div class=\"w-tabs-section-content\"><div class=\"w-tabs-section-content-h i-cf\"><\/div><\/div><\/div><div class=\"w-tabs-section\"><div class=\"w-tabs-section-header\"><div class=\"w-tabs-section-header-h\"><h5 class=\"w-tabs-section-title\">NOVIEMBRE<\/h5><div class=\"w-tabs-section-control\"><\/div><\/div><\/div><div class=\"w-tabs-section-content\"><div class=\"w-tabs-section-content-h i-cf\"><\/div><\/div><\/div><div class=\"w-tabs-section\"><div class=\"w-tabs-section-header\"><div class=\"w-tabs-section-header-h\"><h5 class=\"w-tabs-section-title\">DICIEMBRE<\/h5><div class=\"w-tabs-section-control\"><\/div><\/div><\/div><div class=\"w-tabs-section-content\"><div class=\"w-tabs-section-content-h i-cf\"><\/div><\/div><\/div><\/div><\/div><\/div><\/div><\/div><\/div><\/section>\n","protected":false},"excerpt":{"rendered":"La Ley Org\u00e1nica de Transparencia y Acceso a la Informaci\u00f3n P\u00fablica (LOTAIP) plantea la participaci\u00f3n ciudadana y el derecho de acceso a la informaci\u00f3n relacionada con asuntos p\u00fablicos, para ejercer un efectivo control y exigir la rendici\u00f3n de cuentas a las instituciones gubernamentales o aquellas que perciben recursos estatales. En cumplimiento de la Ley Org\u00e1nica...","protected":false},"author":1,"featured_media":0,"parent":0,"menu_order":0,"comment_status":"closed","ping_status":"closed","template":"","meta":{"footnotes":""},"class_list":["post-1776","page","type-page","status-publish","hentry"],"jetpack_sharing_enabled":true,"_links":{"self":[{"href":"https:\/\/uce-proyectosep.com\/index.php\/wp-json\/wp\/v2\/pages\/1776","targetHints":{"allow":["GET"]}}],"collection":[{"href":"https:\/\/uce-proyectosep.com\/index.php\/wp-json\/wp\/v2\/pages"}],"about":[{"href":"https:\/\/uce-proyectosep.com\/index.php\/wp-json\/wp\/v2\/types\/page"}],"author":[{"embeddable":true,"href":"https:\/\/uce-proyectosep.com\/index.php\/wp-json\/wp\/v2\/users\/1"}],"replies":[{"embeddable":true,"href":"https:\/\/uce-proyectosep.com\/index.php\/wp-json\/wp\/v2\/comments?post=1776"}],"version-history":[{"count":2,"href":"https:\/\/uce-proyectosep.com\/index.php\/wp-json\/wp\/v2\/pages\/1776\/revisions"}],"predecessor-version":[{"id":1778,"href":"https:\/\/uce-proyectosep.com\/index.php\/wp-json\/wp\/v2\/pages\/1776\/revisions\/1778"}],"wp:attachment":[{"href":"https:\/\/uce-proyectosep.com\/index.php\/wp-json\/wp\/v2\/media?parent=1776"}],"curies":[{"name":"wp","href":"https:\/\/api.w.org\/{rel}","templated":true}]}}