{"id":1685,"date":"2020-06-24T13:21:46","date_gmt":"2020-06-24T18:21:46","guid":{"rendered":"http:\/\/uce-proyectosep.com\/?page_id=1685"},"modified":"2025-08-26T15:20:29","modified_gmt":"2025-08-26T20:20:29","slug":"noticias","status":"publish","type":"page","link":"https:\/\/uce-proyectosep.com\/index.php\/noticias\/","title":{"rendered":"NOTICIAS"},"content":{"rendered":"<section class=\"l-section wpb_row height_medium\"><div class=\"l-section-h g-html i-cf\"><div class=\"g-cols offset_medium\"><div class=\" full-width\"><div class=\"w-blog layout_grid\"><div class=\"w-blog-list\">\r\n\r\n<div class=\"w-blog-post post-2020 post type-post status-publish format-standard has-post-thumbnail hentry category-noticias\">\r\n\t<div class=\"w-blog-post-h\">\r\n\t\t<a class=\"w-blog-post-link\" href=\"https:\/\/uce-proyectosep.com\/index.php\/2022\/02\/14\/convocatoria-reclutamiento-para-instructores\/\">\r\n\t\t\t<span class=\"w-blog-post-preview\">\r\n\t\t\t\t<img loading=\"lazy\" decoding=\"async\" width=\"600\" height=\"400\" src=\"https:\/\/uce-proyectosep.com\/wp-content\/uploads\/2020\/06\/LOGO-ILLUSTRADOR_1_1-1-600x400.png\" class=\"attachment-tnail-3x2 size-tnail-3x2 wp-post-image\" alt=\"\" \/>\t\t\t\t<span class=\"w-blog-post-preview-icon\"><\/span>\r\n\t\t\t<\/span>\r\n\t\t\t<h2 class=\"w-blog-post-title\">\r\n\t\t\t\t<span class=\"entry-title\">CONVOCATORIA RECLUTAMIENTO PARA INSTRUCTORES<\/span>\r\n\t\t\t<\/h2>\r\n\t\t<\/a>\r\n\t\t<div class=\"w-blog-post-body\">\r\n\t\t\t<div class=\"w-blog-post-meta\">\r\n\t\t\t\t<time class=\"w-blog-post-meta-date date updated\">febrero 14, 2022<\/time><span class=\"w-blog-post-meta-category\"><a href=\"https:\/\/uce-proyectosep.com\/index.php\/category\/noticias\/\" rel=\"category tag\">NOTICIAS<\/a><\/span><span class=\"w-blog-post-meta-author vcard author hidden\"><a href=\"http:\/\/uce-proyectosep.com\" class=\"fn\">Isabel Arcentales<\/a><\/span>\t\t\t<\/div>\r\n\t\t\t<div class=\"w-blog-post-content\">\r\n\t\t\t\t<p>Como parte del plan de formaci\u00f3n y capacitaci\u00f3n a ofertarse para el periodo 2022 \u2013 2024 la Empresa P\u00fablica UCE-PROYECTOS E.P.&nbsp;de la Universidad Central del Ecuador,&nbsp;convoca a los instructores interesados para formar parte del banco de elegibles de formaci\u00f3n, capacitaci\u00f3n y certificaciones. Las personas interesadas en formar parte de la planta de profesores de la&#8230;<\/p>\n\t\t\t<\/div>\r\n\t\t\t<a class=\"w-blog-post-more w-btn\" href=\"https:\/\/uce-proyectosep.com\/index.php\/2022\/02\/14\/convocatoria-reclutamiento-para-instructores\/\"><span class=\"w-btn-label\">Leer M\u00e1s<\/span><\/a>\r\n\t\t<\/div>\r\n\t<\/div>\r\n<\/div>\r\n\r\n\r\n\r\n\r\n<div class=\"w-blog-post post-1874 post type-post status-publish format-standard has-post-thumbnail hentry category-noticias\">\r\n\t<div class=\"w-blog-post-h\">\r\n\t\t<a class=\"w-blog-post-link\" href=\"https:\/\/uce-proyectosep.com\/index.php\/2021\/03\/12\/convocatoria-publica\/\">\r\n\t\t\t<span class=\"w-blog-post-preview\">\r\n\t\t\t\t<img loading=\"lazy\" decoding=\"async\" width=\"600\" height=\"400\" src=\"https:\/\/uce-proyectosep.com\/wp-content\/uploads\/2020\/06\/LOGO-ILLUSTRADOR_1_1-1-600x400.png\" class=\"attachment-tnail-3x2 size-tnail-3x2 wp-post-image\" alt=\"\" \/>\t\t\t\t<span class=\"w-blog-post-preview-icon\"><\/span>\r\n\t\t\t<\/span>\r\n\t\t\t<h2 class=\"w-blog-post-title\">\r\n\t\t\t\t<span class=\"entry-title\">CONVOCATORIA P\u00daBLICA<\/span>\r\n\t\t\t<\/h2>\r\n\t\t<\/a>\r\n\t\t<div class=\"w-blog-post-body\">\r\n\t\t\t<div class=\"w-blog-post-meta\">\r\n\t\t\t\t<time class=\"w-blog-post-meta-date date updated\">marzo 12, 2021<\/time><span class=\"w-blog-post-meta-category\"><a href=\"https:\/\/uce-proyectosep.com\/index.php\/category\/noticias\/\" rel=\"category tag\">NOTICIAS<\/a><\/span><span class=\"w-blog-post-meta-author vcard author hidden\"><a href=\"http:\/\/uce-proyectosep.com\" class=\"fn\">Isabel Arcentales<\/a><\/span>\t\t\t<\/div>\r\n\t\t\t<div class=\"w-blog-post-content\">\r\n\t\t\t\t<p>LA EMPRESA P\u00daBLICA DE LA UNIVERSIDAD CENTRAL DEL ECUADOR \u201cUCE PROYECTOS EP\u201d, CON EL OBJETIVO DE ALCANZAR REPRESENTACIONES COMERCIALES TANTO DE \u00c1MBITO NACIONAL COMO INTERNACIONAL. PARA INICIAR ACTIVIDADES DE COMERCIALIZACI\u00d3N Y REPRESENTACI\u00d3N DE MEDICINAS, F\u00c1RMACOS, INSUMOS, VACUNAS, DISPOSITIVOS Y SUMINISTROS M\u00c9DICOS, EN EJERCICIO DE SUS FUNCIONES Y CAPACIDAD COMERCIAL OTORGADAS POR LA LEY DE EMPRESAS&#8230;<\/p>\n\t\t\t<\/div>\r\n\t\t\t<a class=\"w-blog-post-more w-btn\" href=\"https:\/\/uce-proyectosep.com\/index.php\/2021\/03\/12\/convocatoria-publica\/\"><span class=\"w-btn-label\">Leer M\u00e1s<\/span><\/a>\r\n\t\t<\/div>\r\n\t<\/div>\r\n<\/div>\r\n\r\n\r\n\r\n\r\n<div class=\"w-blog-post post-1690 post type-post status-publish format-standard has-post-thumbnail hentry category-noticias\">\r\n\t<div class=\"w-blog-post-h\">\r\n\t\t<a class=\"w-blog-post-link\" href=\"https:\/\/uce-proyectosep.com\/index.php\/2020\/06\/24\/la-universidad-central-del-ecuador-empezo-a-realizar-pruebas-del-covid-19-el-comercio\/\">\r\n\t\t\t<span class=\"w-blog-post-preview\">\r\n\t\t\t\t<img loading=\"lazy\" decoding=\"async\" width=\"600\" height=\"340\" src=\"https:\/\/uce-proyectosep.com\/wp-content\/uploads\/2020\/06\/5e9e2bce83a19.jpeg-600x340.jpg\" class=\"attachment-tnail-3x2 size-tnail-3x2 wp-post-image\" alt=\"\" \/>\t\t\t\t<span class=\"w-blog-post-preview-icon\"><\/span>\r\n\t\t\t<\/span>\r\n\t\t\t<h2 class=\"w-blog-post-title\">\r\n\t\t\t\t<span class=\"entry-title\">La Universidad Central del Ecuador empez\u00f3 a realizar pruebas del covid-19 | El Comercio<\/span>\r\n\t\t\t<\/h2>\r\n\t\t<\/a>\r\n\t\t<div class=\"w-blog-post-body\">\r\n\t\t\t<div class=\"w-blog-post-meta\">\r\n\t\t\t\t<time class=\"w-blog-post-meta-date date updated\">junio 24, 2020<\/time><span class=\"w-blog-post-meta-category\"><a href=\"https:\/\/uce-proyectosep.com\/index.php\/category\/noticias\/\" rel=\"category tag\">NOTICIAS<\/a><\/span><span class=\"w-blog-post-meta-comments\"><a href=\"https:\/\/uce-proyectosep.com\/index.php\/2020\/06\/24\/la-universidad-central-del-ecuador-empezo-a-realizar-pruebas-del-covid-19-el-comercio\/#respond\">No hay comentarios<\/a><\/span><span class=\"w-blog-post-meta-author vcard author hidden\"><a href=\"http:\/\/uce-proyectosep.com\" class=\"fn\">admin<\/a><\/span>\t\t\t<\/div>\r\n\t\t\t<div class=\"w-blog-post-content\">\r\n\t\t\t\t<p>El Instituto de Investigaci\u00f3n en Biomedicina de la Universidad Central del Ecuador comenz\u00f3 desde este lunes, 20 de abril del 2020, a realizar las pruebas del covid-19. Esto luego de recibir la \u2026<\/p>\n\t\t\t<\/div>\r\n\t\t\t<a class=\"w-blog-post-more w-btn\" href=\"https:\/\/uce-proyectosep.com\/index.php\/2020\/06\/24\/la-universidad-central-del-ecuador-empezo-a-realizar-pruebas-del-covid-19-el-comercio\/\"><span class=\"w-btn-label\">Leer M\u00e1s<\/span><\/a>\r\n\t\t<\/div>\r\n\t<\/div>\r\n<\/div>\r\n\r\n\r\n\r\n\r\n<div class=\"w-blog-post post-1681 post type-post status-publish format-standard has-post-thumbnail hentry category-noticias\">\r\n\t<div class=\"w-blog-post-h\">\r\n\t\t<a class=\"w-blog-post-link\" href=\"https:\/\/uce-proyectosep.com\/index.php\/2020\/06\/24\/municipio-de-quito-y-universidad-central-del-ecuador-capacitan-a-personal-de-salud-municipal-para-la-toma-de-pruebas-pcr-rt-quito-informa\/\">\r\n\t\t\t<span class=\"w-blog-post-preview\">\r\n\t\t\t\t<img loading=\"lazy\" decoding=\"async\" width=\"600\" height=\"400\" src=\"https:\/\/uce-proyectosep.com\/wp-content\/uploads\/2020\/06\/Capacitaci\u00f3n-para-realizar-pruebas-PCR-a-personal-salud-municipal-800x445-1-600x400.jpg\" class=\"attachment-tnail-3x2 size-tnail-3x2 wp-post-image\" alt=\"\" \/>\t\t\t\t<span class=\"w-blog-post-preview-icon\"><\/span>\r\n\t\t\t<\/span>\r\n\t\t\t<h2 class=\"w-blog-post-title\">\r\n\t\t\t\t<span class=\"entry-title\">Municipio de Quito y Universidad Central del Ecuador capacitan a personal de salud municipal para la toma de pruebas PCR-RT \u2013 Quito Informa<\/span>\r\n\t\t\t<\/h2>\r\n\t\t<\/a>\r\n\t\t<div class=\"w-blog-post-body\">\r\n\t\t\t<div class=\"w-blog-post-meta\">\r\n\t\t\t\t<time class=\"w-blog-post-meta-date date updated\">junio 24, 2020<\/time><span class=\"w-blog-post-meta-category\"><a href=\"https:\/\/uce-proyectosep.com\/index.php\/category\/noticias\/\" rel=\"category tag\">NOTICIAS<\/a><\/span><span class=\"w-blog-post-meta-comments\"><a href=\"https:\/\/uce-proyectosep.com\/index.php\/2020\/06\/24\/municipio-de-quito-y-universidad-central-del-ecuador-capacitan-a-personal-de-salud-municipal-para-la-toma-de-pruebas-pcr-rt-quito-informa\/#respond\">No hay comentarios<\/a><\/span><span class=\"w-blog-post-meta-author vcard author hidden\"><a href=\"http:\/\/uce-proyectosep.com\" class=\"fn\">admin<\/a><\/span>\t\t\t<\/div>\r\n\t\t\t<div class=\"w-blog-post-content\">\r\n\t\t\t\t<p>El Municipio del Distrito Metropolitano de Quito, a trav\u00e9s de la Secretaria de Salud, y la Universidad Central del Ecuador, capacitan a sus equipos de trabajo para la toma de las pruebas PCR-RT de identificaci\u00f3n del covid-19.<\/p>\n\t\t\t<\/div>\r\n\t\t\t<a class=\"w-blog-post-more w-btn\" href=\"https:\/\/uce-proyectosep.com\/index.php\/2020\/06\/24\/municipio-de-quito-y-universidad-central-del-ecuador-capacitan-a-personal-de-salud-municipal-para-la-toma-de-pruebas-pcr-rt-quito-informa\/\"><span class=\"w-btn-label\">Leer M\u00e1s<\/span><\/a>\r\n\t\t<\/div>\r\n\t<\/div>\r\n<\/div>\r\n\r\n\r\n<\/div><\/div><\/div><\/div><\/div><\/section>\n","protected":false},"excerpt":{"rendered":"El Municipio del Distrito Metropolitano de Quito, a trav\u00e9s de la Secretaria de Salud, y la Universidad Central del Ecuador, capacitan a sus equipos de trabajo para la toma de las pruebas PCR-RT de identificaci\u00f3n del covid-19.","protected":false},"author":1,"featured_media":0,"parent":0,"menu_order":0,"comment_status":"closed","ping_status":"closed","template":"","meta":{"footnotes":""},"class_list":["post-1685","page","type-page","status-publish","hentry"],"jetpack_sharing_enabled":true,"_links":{"self":[{"href":"https:\/\/uce-proyectosep.com\/index.php\/wp-json\/wp\/v2\/pages\/1685","targetHints":{"allow":["GET"]}}],"collection":[{"href":"https:\/\/uce-proyectosep.com\/index.php\/wp-json\/wp\/v2\/pages"}],"about":[{"href":"https:\/\/uce-proyectosep.com\/index.php\/wp-json\/wp\/v2\/types\/page"}],"author":[{"embeddable":true,"href":"https:\/\/uce-proyectosep.com\/index.php\/wp-json\/wp\/v2\/users\/1"}],"replies":[{"embeddable":true,"href":"https:\/\/uce-proyectosep.com\/index.php\/wp-json\/wp\/v2\/comments?post=1685"}],"version-history":[{"count":8,"href":"https:\/\/uce-proyectosep.com\/index.php\/wp-json\/wp\/v2\/pages\/1685\/revisions"}],"predecessor-version":[{"id":2366,"href":"https:\/\/uce-proyectosep.com\/index.php\/wp-json\/wp\/v2\/pages\/1685\/revisions\/2366"}],"wp:attachment":[{"href":"https:\/\/uce-proyectosep.com\/index.php\/wp-json\/wp\/v2\/media?parent=1685"}],"curies":[{"name":"wp","href":"https:\/\/api.w.org\/{rel}","templated":true}]}}