{"id":1546,"date":"2014-10-08T13:39:25","date_gmt":"2014-10-08T18:39:25","guid":{"rendered":"http:\/\/zephyr.us-themes.com\/"},"modified":"2025-09-22T16:47:26","modified_gmt":"2025-09-22T21:47:26","slug":"home","status":"publish","type":"page","link":"https:\/\/uce-proyectosep.com\/","title":{"rendered":"UCE PROYECTOSEP"},"content":{"rendered":"<section class=\"l-section wpb_row height_auto width_full color_custom\" style=\"background-color: #212121;\"><div class=\"l-section-h g-html i-cf\"><div class=\"g-cols offset_medium\"><div class=\" full-width\">[rev_slider_vc alias=\u00bbzephyr-main\u00bb]<\/div><\/div><\/div><\/section><section class=\"l-section wpb_row height_medium with_img parallax_ver\" id=\"nosotros\"><div class=\"l-section-img\" style=\"background-image: url(https:\/\/uce-proyectosep.com\/wp-content\/uploads\/2020\/06\/Path-32.png);\"><\/div><div class=\"l-section-h g-html i-cf\"><div class=\"g-cols offset_medium\"><div class=\" one-half animate_afl d2\"><div class=\"wpb_text_column \"><div class=\"wpb_wrapper\">\n<h2 style=\"text-align: left;\">QUIENES SOMOS<\/h2>\n<\/div> <\/div> <div class=\"wpb_text_column \"><div class=\"wpb_wrapper\">\n<p style=\"text-align: justify;\">Somos una Empresa P\u00fablica de Bienes y Servicios, creada por resoluci\u00f3n del Honorable Consejo Universitario de la Universidad Central del Ecuador el 7 de junio de 2016. Nacimos con el prop\u00f3sito de brindar soluciones eficientes y especializadas, respaldadas por nuestro equipo profesional y alianzas estrat\u00e9gicas con instituciones nacionales e internacionales.<\/p>\n<p style=\"text-align: justify;\">Contamos con autonom\u00eda presupuestaria, financiera, econ\u00f3mica, administrativa y de gesti\u00f3n, lo que nos permite operar con agilidad y responsabilidad en cada<br \/>\nproyecto que emprendemos.<\/p>\n<p style=\"text-align: justify;\">Adem\u00e1s, como entidad del sector p\u00fablico, participamos activamente en procesos de contrataci\u00f3n directa bajo el R\u00e9gimen Especial, conforme al art\u00edculo 2, numeral 8 de la Ley Org\u00e1nica del Sistema Nacional de Contrataci\u00f3n P\u00fablica.<\/p>\n<\/div> <\/div> <\/div><div class=\" one-half animate_afr\">[vc_empty_space height=\u00bb50px\u00bb]<div class=\"w-image  align_center animate_afr d3\"><img loading=\"lazy\" decoding=\"async\" width=\"1024\" height=\"511\" src=\"https:\/\/uce-proyectosep.com\/wp-content\/uploads\/2020\/06\/LOGO-ILLUSTRADOR_1_1-1024x511.png\" class=\"attachment-large size-large\" alt=\"\" srcset=\"https:\/\/uce-proyectosep.com\/wp-content\/uploads\/2020\/06\/LOGO-ILLUSTRADOR_1_1-1024x511.png 1024w, https:\/\/uce-proyectosep.com\/wp-content\/uploads\/2020\/06\/LOGO-ILLUSTRADOR_1_1-600x299.png 600w, https:\/\/uce-proyectosep.com\/wp-content\/uploads\/2020\/06\/LOGO-ILLUSTRADOR_1_1-300x150.png 300w, https:\/\/uce-proyectosep.com\/wp-content\/uploads\/2020\/06\/LOGO-ILLUSTRADOR_1_1-768x383.png 768w, https:\/\/uce-proyectosep.com\/wp-content\/uploads\/2020\/06\/LOGO-ILLUSTRADOR_1_1-1536x766.png 1536w, https:\/\/uce-proyectosep.com\/wp-content\/uploads\/2020\/06\/LOGO-ILLUSTRADOR_1_1-2048x1022.png 2048w\" sizes=\"auto, (max-width: 1024px) 100vw, 1024px\" \/><\/div><\/div><\/div><\/div><\/section><section class=\"l-section wpb_row height_medium width_full with_img parallax_ver with_overlay\" id=\"politica\"><div class=\"l-section-img\" style=\"background-image: url(https:\/\/uce-proyectosep.com\/wp-content\/uploads\/2020\/06\/Consultoria_nueva_2048x20481.jpg);\"><\/div><div class=\"l-section-overlay\" style=\"background-color: #2879bd\"><\/div><div class=\"l-section-h g-html i-cf\"><div class=\"g-cols offset_medium\"><div class=\" one-half  vc_custom_1592207407628\"><div class=\"w-image  align_center\"><img loading=\"lazy\" decoding=\"async\" width=\"300\" height=\"204\" src=\"https:\/\/uce-proyectosep.com\/wp-content\/uploads\/2020\/06\/cabecera-6-ideas-de-emprendimiento-sustentable-300x204.jpg\" class=\"attachment-medium size-medium\" alt=\"\" srcset=\"https:\/\/uce-proyectosep.com\/wp-content\/uploads\/2020\/06\/cabecera-6-ideas-de-emprendimiento-sustentable-300x204.jpg 300w, https:\/\/uce-proyectosep.com\/wp-content\/uploads\/2020\/06\/cabecera-6-ideas-de-emprendimiento-sustentable-600x408.jpg 600w, https:\/\/uce-proyectosep.com\/wp-content\/uploads\/2020\/06\/cabecera-6-ideas-de-emprendimiento-sustentable-1024x696.jpg 1024w, https:\/\/uce-proyectosep.com\/wp-content\/uploads\/2020\/06\/cabecera-6-ideas-de-emprendimiento-sustentable-768x522.jpg 768w, https:\/\/uce-proyectosep.com\/wp-content\/uploads\/2020\/06\/cabecera-6-ideas-de-emprendimiento-sustentable.jpg 1200w\" sizes=\"auto, (max-width: 300px) 100vw, 300px\" \/><\/div><\/div><div class=\" one-half  vc_custom_1592207444726\"><div class=\"wpb_text_column \"><div class=\"wpb_wrapper\">\n<h2 style=\"color: white; text-align: left;\">POL\u00cdTICAS DE GESTI\u00d3N<\/h2>\n<\/div> <\/div> <div class=\"wpb_text_column \"><div class=\"wpb_wrapper\">\n<p style=\"text-align: justify;\"><span style=\"color: #ffffff;\">Promovemos el uso sustentable de los recursos naturales y bienes p\u00fablicos, a trav\u00e9s de una gesti\u00f3n eficiente en sectores estrat\u00e9gicos, la prestaci\u00f3n de servicios de calidad y el impulso de actividades econ\u00f3micas responsables.<\/span><\/p>\n<p style=\"text-align: justify;\"><span style=\"color: #ffffff;\">Nuestro modelo de gesti\u00f3n busca generar excedentes que se reinviertan para fortalecer a nuestra empresa, asegurando que las entidades de derecho p\u00fablico<\/span><br \/>\n<span style=\"color: #ffffff;\">operen bajo est\u00e1ndares elevados de calidad, con criterios empresariales, econ\u00f3micos, sociales y ambientales.<\/span><\/div> <\/div> <\/div><\/div><\/div><\/section><section class=\"l-section wpb_row height_medium width_full with_img\" id=\"objetivos\"><div class=\"l-section-img\" style=\"background-image: url(https:\/\/uce-proyectosep.com\/wp-content\/uploads\/2020\/06\/Path-32.png);\"><\/div><div class=\"l-section-h g-html i-cf\"><div class=\"g-cols offset_medium\"><div class=\" full-width\"><div class=\"wpb_text_column  vc_custom_1592207726320\"><div class=\"wpb_wrapper\">\n<h2 style=\"text-align: left;\">OBJETIVOS ESTRAT\u00c9GICOS<\/h2>\n<\/div> <\/div> <div class=\"wpb_text_column  vc_custom_1756172643475\"><div class=\"wpb_wrapper\">\n<p style=\"text-align: justify;\">Se requiere una mejor presentaci\u00f3n de la gr\u00e1fica, sin embargo, el contenido est\u00e1 incluido en el plan estrat\u00e9gico de la empresa, documento adjunto al resente, y socializado en la reuni\u00f3n.<\/p>\n<p style=\"text-align: justify;\">Posicionar a la Empresa Publica de bienes y servicios UCE Poryectos E.P. a la vanguardia de la innovaci\u00f3n y un posicionamiento en el mercado, tanto en la generaci\u00f3n de proyectos de todo tipo, asi como en la investiguaci\u00f3n y eventos acad\u00e9micos.<\/p>\n<\/div> <\/div> <div class=\"g-cols wpb_row offset_medium vc_inner \"><div class=\" one-quarter animate_hfc  vc_custom_1756177466075\"><div class=\"w-iconbox iconpos_top size_medium style_default color_primary icono\"><div class=\"w-iconbox-icon\"><\/div><h4 class=\"w-iconbox-title\">OE 01<\/h4><div class=\"w-iconbox-text\">Incrementar el margen de rentabilidad de la empresa<\/div><\/div><\/div><div class=\" one-quarter animate_hfc  vc_custom_1756177526952\"><div class=\"w-iconbox iconpos_top size_medium style_default color_primary icono\"><div class=\"w-iconbox-icon\"><\/div><h4 class=\"w-iconbox-title\">OE 02<\/h4><div class=\"w-iconbox-text\">Incrementar la participaci\u00f3n de la empresa en el sector privado<\/div><\/div><\/div><div class=\" one-quarter animate_hfc\"><div class=\"w-iconbox iconpos_top size_medium style_default color_primary icono\"><div class=\"w-iconbox-icon\"><\/div><h4 class=\"w-iconbox-title\">OE 03<\/h4><div class=\"w-iconbox-text\">Incrementar la eficiencia operacional de la empresa<\/div><\/div><\/div><div class=\" one-quarter animate_hfc  vc_custom_1756177453434\"><div class=\"w-iconbox iconpos_top size_medium style_default color_primary icono\"><div class=\"w-iconbox-icon\"><\/div><h4 class=\"w-iconbox-title\">OE 04<\/h4><div class=\"w-iconbox-text\">Fortalecer las competencias, destrezas y habilidades profesional de los colaboradores.<\/div><\/div><\/div><\/div><\/div><\/div><\/div><\/section><section class=\"l-section wpb_row height_medium color_custom\" id=\"organigrama\" style=\"background-color: #f2f2f2;\"><div class=\"l-section-h g-html i-cf\"><div class=\"g-cols offset_medium\"><div class=\" full-width\"><div class=\"wpb_text_column \"><div class=\"wpb_wrapper\">\n<h2 style=\"text-align: center;\">ESTRUCTURA ORGANIZACIONAL<\/h2>\n<\/div> <\/div> <div class=\"w-image  align_center\"><img loading=\"lazy\" decoding=\"async\" width=\"1024\" height=\"768\" src=\"https:\/\/uce-proyectosep.com\/wp-content\/uploads\/2025\/09\/DIRECTORIO.png\" class=\"attachment-large size-large\" alt=\"\" srcset=\"https:\/\/uce-proyectosep.com\/wp-content\/uploads\/2025\/09\/DIRECTORIO.png 1024w, https:\/\/uce-proyectosep.com\/wp-content\/uploads\/2025\/09\/DIRECTORIO-300x225.png 300w, https:\/\/uce-proyectosep.com\/wp-content\/uploads\/2025\/09\/DIRECTORIO-768x576.png 768w, https:\/\/uce-proyectosep.com\/wp-content\/uploads\/2025\/09\/DIRECTORIO-600x450.png 600w\" sizes=\"auto, (max-width: 1024px) 100vw, 1024px\" \/><\/div><\/div><\/div><\/div><\/section><section class=\"l-section wpb_row height_medium color_primary\"><div class=\"l-section-h g-html i-cf\"><div class=\"g-cols offset_medium\"><div class=\" full-width animate_afb\"><div class=\"w-actionbox color_primary controls_right\"><div class=\"w-actionbox-text\"><h2>PARA M\u00c1S INFORMACI\u00d3N<\/h2><\/div><div class=\"w-actionbox-controls\"><a class=\"w-btn color_white style_raised size_large icon_none\" href=\"http:\/\/uce-proyectosep.com\/index.php\/contact\/\" title=\"CONT\u00c1CTANOS\"><span class=\"w-btn-label\">CONT\u00c1CTANOS<\/span><\/a><\/div><\/div><\/div><\/div><\/div><\/section>\n","protected":false},"excerpt":{"rendered":"[rev_slider_vc alias=\"zephyr-main\"] QUIENES SOMOS Somos una Empresa P\u00fablica de Bienes y Servicios, creada por resoluci\u00f3n del Honorable Consejo Universitario de la Universidad Central del Ecuador el 7 de junio de 2016. Nacimos con el prop\u00f3sito de brindar soluciones eficientes y especializadas, respaldadas por nuestro equipo profesional y alianzas estrat\u00e9gicas con instituciones nacionales e internacionales. Contamos...","protected":false},"author":1,"featured_media":0,"parent":0,"menu_order":0,"comment_status":"open","ping_status":"closed","template":"","meta":{"footnotes":""},"class_list":["post-1546","page","type-page","status-publish","hentry"],"jetpack_sharing_enabled":true,"_links":{"self":[{"href":"https:\/\/uce-proyectosep.com\/index.php\/wp-json\/wp\/v2\/pages\/1546","targetHints":{"allow":["GET"]}}],"collection":[{"href":"https:\/\/uce-proyectosep.com\/index.php\/wp-json\/wp\/v2\/pages"}],"about":[{"href":"https:\/\/uce-proyectosep.com\/index.php\/wp-json\/wp\/v2\/types\/page"}],"author":[{"embeddable":true,"href":"https:\/\/uce-proyectosep.com\/index.php\/wp-json\/wp\/v2\/users\/1"}],"replies":[{"embeddable":true,"href":"https:\/\/uce-proyectosep.com\/index.php\/wp-json\/wp\/v2\/comments?post=1546"}],"version-history":[{"count":73,"href":"https:\/\/uce-proyectosep.com\/index.php\/wp-json\/wp\/v2\/pages\/1546\/revisions"}],"predecessor-version":[{"id":2440,"href":"https:\/\/uce-proyectosep.com\/index.php\/wp-json\/wp\/v2\/pages\/1546\/revisions\/2440"}],"wp:attachment":[{"href":"https:\/\/uce-proyectosep.com\/index.php\/wp-json\/wp\/v2\/media?parent=1546"}],"curies":[{"name":"wp","href":"https:\/\/api.w.org\/{rel}","templated":true}]}}